{"id":1248,"date":"2026-03-04T14:38:14","date_gmt":"2026-03-04T14:38:14","guid":{"rendered":"https:\/\/site-internetweb.fr\/chantsauvage.fr\/?post_type=product&#038;p=1248"},"modified":"2026-03-30T12:12:34","modified_gmt":"2026-03-30T10:12:34","slug":"t-shirt-noir","status":"publish","type":"product","link":"https:\/\/chantsauvage.com\/index.php\/produit\/t-shirt-noir\/","title":{"rendered":"T-shirt Noir"},"content":{"rendered":"<p>Affirmez votre style avec ce t-shirt Chant Sauvage, alliant sobri\u00e9t\u00e9 et esprit nature. Confectionn\u00e9 en coton doux et respirant, il offre un confort optimal pour un usage quotidien.<\/p>\n<p><strong>Caract\u00e9ristiques :<\/strong><br \/>\n100 % coton<br \/>\nCoupe confortable et polyvalente<br \/>\nLogo poitrine Chant Sauvage<br \/>\nTissu doux, agr\u00e9able \u00e0 porter<br \/>\nFacile d\u2019entretien<br \/>\nLavable en machine, temp\u00e9rature max 30 degr\u00e9s<\/p>\n","protected":false},"excerpt":{"rendered":"<p><span style=\"font-weight: 400;\">Affirmez votre style avec ce t-shirt Chant Sauvage, alliant sobri\u00e9t\u00e9 et esprit nature. Confectionn\u00e9 en coton doux et respirant, il offre un confort optimal pour un usage quotidien.<\/span><\/p>\n","protected":false},"featured_media":1269,"comment_status":"open","ping_status":"closed","template":"","meta":{"_et_pb_use_builder":"","_et_pb_old_content":"","_et_gb_content_width":""},"product_brand":[],"product_cat":[18],"product_tag":[],"class_list":{"0":"post-1248","1":"product","2":"type-product","3":"status-publish","4":"has-post-thumbnail","6":"product_cat-femme","8":"first","9":"instock","10":"shipping-taxable","11":"purchasable","12":"product-type-variable"},"_links":{"self":[{"href":"https:\/\/chantsauvage.com\/index.php\/wp-json\/wp\/v2\/product\/1248","targetHints":{"allow":["GET"]}}],"collection":[{"href":"https:\/\/chantsauvage.com\/index.php\/wp-json\/wp\/v2\/product"}],"about":[{"href":"https:\/\/chantsauvage.com\/index.php\/wp-json\/wp\/v2\/types\/product"}],"replies":[{"embeddable":true,"href":"https:\/\/chantsauvage.com\/index.php\/wp-json\/wp\/v2\/comments?post=1248"}],"wp:featuredmedia":[{"embeddable":true,"href":"https:\/\/chantsauvage.com\/index.php\/wp-json\/wp\/v2\/media\/1269"}],"wp:attachment":[{"href":"https:\/\/chantsauvage.com\/index.php\/wp-json\/wp\/v2\/media?parent=1248"}],"wp:term":[{"taxonomy":"product_brand","embeddable":true,"href":"https:\/\/chantsauvage.com\/index.php\/wp-json\/wp\/v2\/product_brand?post=1248"},{"taxonomy":"product_cat","embeddable":true,"href":"https:\/\/chantsauvage.com\/index.php\/wp-json\/wp\/v2\/product_cat?post=1248"},{"taxonomy":"product_tag","embeddable":true,"href":"https:\/\/chantsauvage.com\/index.php\/wp-json\/wp\/v2\/product_tag?post=1248"}],"curies":[{"name":"wp","href":"https:\/\/api.w.org\/{rel}","templated":true}]}}